{"id":51,"date":"2022-07-15T12:38:39","date_gmt":"2022-07-15T15:38:39","guid":{"rendered":"https:\/\/advocacia.siteninjapro.com\/?page_id=51"},"modified":"2025-10-08T19:23:59","modified_gmt":"2025-10-08T22:23:59","slug":"home","status":"publish","type":"page","link":"https:\/\/nwpts.info\/pt\/","title":{"rendered":"Lar"},"content":{"rendered":"<div data-elementor-type=\"wp-page\" data-elementor-id=\"51\" class=\"elementor elementor-51\">\n\t\t\t\t<div class=\"elementor-element elementor-element-405e9ba e-flex e-con-boxed e-con e-parent\" data-id=\"405e9ba\" data-element_type=\"container\" data-settings=\"{&quot;background_background&quot;:&quot;video&quot;,&quot;background_video_link&quot;:&quot;https:\\\/\\\/youtu.be\\\/Q7P-h3GxMqs&quot;,&quot;background_video_start&quot;:1,&quot;background_play_on_mobile&quot;:&quot;yes&quot;}\">\n\t\t\t\t\t<div class=\"e-con-inner\">\n\t\t<div class=\"elementor-background-video-container\">\n\t\t\t\t\t\t\t<div class=\"elementor-background-video-embed\"><\/div>\n\t\t\t\t\t\t<\/div><div class=\"elementor-element elementor-element-6e533a7 e-con-full e-flex e-con e-child\" data-id=\"6e533a7\" data-element_type=\"container\">\n\t\t\t\t<div class=\"elementor-element elementor-element-f7ad2c2 elementor-widget elementor-widget-heading\" data-id=\"f7ad2c2\" data-element_type=\"widget\" data-widget_type=\"heading.default\">\n\t\t\t\t<div class=\"elementor-widget-container\">\n\t\t\t<style>\/*! elementor - v3.23.0 - 05-08-2024 *\/\n.elementor-heading-title{padding:0;margin:0;line-height:1}.elementor-widget-heading .elementor-heading-title[class*=elementor-size-]>a{color:inherit;font-size:inherit;line-height:inherit}.elementor-widget-heading .elementor-heading-title.elementor-size-small{font-size:15px}.elementor-widget-heading .elementor-heading-title.elementor-size-medium{font-size:19px}.elementor-widget-heading .elementor-heading-title.elementor-size-large{font-size:29px}.elementor-widget-heading .elementor-heading-title.elementor-size-xl{font-size:39px}.elementor-widget-heading .elementor-heading-title.elementor-size-xxl{font-size:59px}<\/style><h1 class=\"elementor-heading-title elementor-size-default\">Explore o Semin\u00e1rio Teol\u00f3gico Presbiteriano KPCA Northwestern<\/h1>\t\t<\/div>\n\t\t\t\t<\/div>\n\t\t\t\t<div class=\"elementor-element elementor-element-2667ef5 elementor-widget elementor-widget-text-editor\" data-id=\"2667ef5\" data-element_type=\"widget\" data-widget_type=\"text-editor.default\">\n\t\t\t\t<div class=\"elementor-widget-container\">\n\t\t\t<style>\/*! elementor - v3.23.0 - 05-08-2024 *\/\n.elementor-widget-text-editor.elementor-drop-cap-view-stacked .elementor-drop-cap{background-color:#69727d;color:#fff}.elementor-widget-text-editor.elementor-drop-cap-view-framed .elementor-drop-cap{color:#69727d;border:3px solid;background-color:transparent}.elementor-widget-text-editor:not(.elementor-drop-cap-view-default) .elementor-drop-cap{margin-top:8px}.elementor-widget-text-editor:not(.elementor-drop-cap-view-default) .elementor-drop-cap-letter{width:1em;height:1em}.elementor-widget-text-editor .elementor-drop-cap{float:left;text-align:center;line-height:1;font-size:50px}.elementor-widget-text-editor .elementor-drop-cap-letter{display:inline-block}<\/style>\t\t\t\t\n<p class=\"font_8 wixui-rich-text__text\"><span class=\"wixui-rich-text__text\">A KPCA NWPTS existe para servir a Deus e ao Seu povo, equipando os alunos para um servi\u00e7o eficaz a Deus, \u00e0 Sua Igreja e ao mundo que Ele nos envia para evangelizar.<\/span><\/p>\n<p class=\"font_8 wixui-rich-text__text\"><span class=\"wixui-rich-text__text\">Quer Deus esteja chamando voc\u00ea para o minist\u00e9rio da igreja, servi\u00e7o sem fins lucrativos, miss\u00e3o transcultural ou outra voca\u00e7\u00e3o, ou se voc\u00ea j\u00e1 est\u00e1 servindo no minist\u00e9rio, mas precisa aprofundar seus conhecimentos e habilidades, equipe-se para ser um servo melhor da KPCA NWPTS.<\/span><\/p>\n<p class=\"font_8 wixui-rich-text__text\"><span class=\"wixui-rich-text__text\">A miss\u00e3o da KPCA NWPTS \u00e9 educar e formar l\u00edderes para a igreja e a sociedade por meio de treinamento em piedade e devo\u00e7\u00e3o, pesquisa e estudo acad\u00eamico e pr\u00e1tica do Evangelho.<\/span><\/p>\n\n<\/div>\t\t\t\t\t\t<\/div>\n\t\t\t\t<\/div>\n\t\t\t\t<\/div>\n\t\t<div class=\"elementor-element elementor-element-d888548 e-con-full e-flex e-con e-child\" data-id=\"d888548\" data-element_type=\"container\">\n\t\t\t\t<\/div>\n\t\t\t\t\t<\/div>\n\t\t\t\t<\/div>\n\t\t\t\t<\/div>","protected":false},"excerpt":{"rendered":"<p>Explore KPCA Northwestern Presbyterian Theological Seminary KPCA NWPTS exists to serve God and His people by equipping students for effective service to God, His Church, and the world He sends us to evangelize. Whether God is calling you to church ministry, nonprofit service, cross &#8211; cultural mission, or another vocation &#8211; or you are already [&hellip;]<\/p>","protected":false},"author":2,"featured_media":0,"parent":0,"menu_order":0,"comment_status":"closed","ping_status":"closed","template":"elementor_header_footer","meta":{"footnotes":""},"class_list":["post-51","page","type-page","status-publish","hentry"],"_links":{"self":[{"href":"https:\/\/nwpts.info\/pt\/wp-json\/wp\/v2\/pages\/51","targetHints":{"allow":["GET"]}}],"collection":[{"href":"https:\/\/nwpts.info\/pt\/wp-json\/wp\/v2\/pages"}],"about":[{"href":"https:\/\/nwpts.info\/pt\/wp-json\/wp\/v2\/types\/page"}],"author":[{"embeddable":true,"href":"https:\/\/nwpts.info\/pt\/wp-json\/wp\/v2\/users\/2"}],"replies":[{"embeddable":true,"href":"https:\/\/nwpts.info\/pt\/wp-json\/wp\/v2\/comments?post=51"}],"version-history":[{"count":211,"href":"https:\/\/nwpts.info\/pt\/wp-json\/wp\/v2\/pages\/51\/revisions"}],"predecessor-version":[{"id":798,"href":"https:\/\/nwpts.info\/pt\/wp-json\/wp\/v2\/pages\/51\/revisions\/798"}],"wp:attachment":[{"href":"https:\/\/nwpts.info\/pt\/wp-json\/wp\/v2\/media?parent=51"}],"curies":[{"name":"wp","href":"https:\/\/api.w.org\/{rel}","templated":true}]}}