{"id":53,"date":"2022-07-15T12:38:54","date_gmt":"2022-07-15T15:38:54","guid":{"rendered":"https:\/\/advocacia.siteninjapro.com\/?page_id=53"},"modified":"2025-10-01T16:31:19","modified_gmt":"2025-10-01T19:31:19","slug":"academic","status":"publish","type":"page","link":"https:\/\/nwpts.info\/pt\/academic\/","title":{"rendered":"Acad\u00eamico"},"content":{"rendered":"<div data-elementor-type=\"wp-page\" data-elementor-id=\"53\" class=\"elementor elementor-53\">\n\t\t\t\t<div class=\"elementor-element elementor-element-1a7f3527 e-flex e-con-boxed e-con e-parent\" data-id=\"1a7f3527\" data-element_type=\"container\" data-settings=\"{&quot;background_background&quot;:&quot;classic&quot;}\">\n\t\t\t\t\t<div class=\"e-con-inner\">\n\t\t<div class=\"elementor-element elementor-element-72f99318 e-con-full e-flex e-con e-child\" data-id=\"72f99318\" data-element_type=\"container\">\n\t\t\t\t<div class=\"elementor-element elementor-element-29b7b0b5 elementor-widget elementor-widget-heading\" data-id=\"29b7b0b5\" data-element_type=\"widget\" data-widget_type=\"heading.default\">\n\t\t\t\t<div class=\"elementor-widget-container\">\n\t\t\t<style>\/*! elementor - v3.23.0 - 05-08-2024 *\/\n.elementor-heading-title{padding:0;margin:0;line-height:1}.elementor-widget-heading .elementor-heading-title[class*=elementor-size-]>a{color:inherit;font-size:inherit;line-height:inherit}.elementor-widget-heading .elementor-heading-title.elementor-size-small{font-size:15px}.elementor-widget-heading .elementor-heading-title.elementor-size-medium{font-size:19px}.elementor-widget-heading .elementor-heading-title.elementor-size-large{font-size:29px}.elementor-widget-heading .elementor-heading-title.elementor-size-xl{font-size:39px}.elementor-widget-heading .elementor-heading-title.elementor-size-xxl{font-size:59px}<\/style><h1 class=\"elementor-heading-title elementor-size-default\">Graus e Programas\n<\/h1>\t\t<\/div>\n\t\t\t\t<\/div>\n\t\t\t\t<div class=\"elementor-element elementor-element-1ba69416 elementor-widget elementor-widget-text-editor\" data-id=\"1ba69416\" data-element_type=\"widget\" data-widget_type=\"text-editor.default\">\n\t\t\t\t<div class=\"elementor-widget-container\">\n\t\t\t<style>\/*! elementor - v3.23.0 - 05-08-2024 *\/\n.elementor-widget-text-editor.elementor-drop-cap-view-stacked .elementor-drop-cap{background-color:#69727d;color:#fff}.elementor-widget-text-editor.elementor-drop-cap-view-framed .elementor-drop-cap{color:#69727d;border:3px solid;background-color:transparent}.elementor-widget-text-editor:not(.elementor-drop-cap-view-default) .elementor-drop-cap{margin-top:8px}.elementor-widget-text-editor:not(.elementor-drop-cap-view-default) .elementor-drop-cap-letter{width:1em;height:1em}.elementor-widget-text-editor .elementor-drop-cap{float:left;text-align:center;line-height:1;font-size:50px}.elementor-widget-text-editor .elementor-drop-cap-letter{display:inline-block}<\/style>\t\t\t\t<div class=\"elementor-element elementor-element-654237b e-container--column e-container\" data-id=\"654237b\" data-element_type=\"container\"><div class=\"elementor-element elementor-element-5f77739 elementor-widget elementor-widget-text-editor\" data-id=\"5f77739\" data-element_type=\"widget\" data-widget_type=\"text-editor.default\"><div class=\"elementor-widget-container\"><p>Na KPCA NWPTS, oferecemos programas de estudo cuidadosamente projetados para preparar os alunos para carreiras em minist\u00e9rio, teologia e estudos b\u00edblicos. Nossos programas combinam instru\u00e7\u00e3o acad\u00eamica rigorosa com treinamento pr\u00e1tico, fornecendo uma base s\u00f3lida para crescimento espiritual e profissional.<\/p><\/div><\/div><\/div>\t\t\t\t\t\t<\/div>\n\t\t\t\t<\/div>\n\t\t\t\t<\/div>\n\t\t\t\t\t<\/div>\n\t\t\t\t<\/div>\n\t\t<div class=\"elementor-element elementor-element-141a3919 e-flex e-con-boxed e-con e-parent\" data-id=\"141a3919\" data-element_type=\"container\" data-settings=\"{&quot;background_background&quot;:&quot;classic&quot;}\">\n\t\t\t\t\t<div class=\"e-con-inner\">\n\t\t<div class=\"elementor-element elementor-element-390584ef e-con-full e-flex e-con e-child\" data-id=\"390584ef\" data-element_type=\"container\" data-settings=\"{&quot;background_background&quot;:&quot;classic&quot;}\">\n\t\t\t\t<div class=\"elementor-element elementor-element-cd89fe6 elementor-position-top elementor-widget elementor-widget-image-box\" data-id=\"cd89fe6\" data-element_type=\"widget\" data-widget_type=\"image-box.default\">\n\t\t\t\t<div class=\"elementor-widget-container\">\n\t\t\t<style>\/*! elementor - v3.23.0 - 05-08-2024 *\/\n.elementor-widget-image-box .elementor-image-box-content{width:100%}@media (min-width:768px){.elementor-widget-image-box.elementor-position-left .elementor-image-box-wrapper,.elementor-widget-image-box.elementor-position-right .elementor-image-box-wrapper{display:flex}.elementor-widget-image-box.elementor-position-right .elementor-image-box-wrapper{text-align:end;flex-direction:row-reverse}.elementor-widget-image-box.elementor-position-left .elementor-image-box-wrapper{text-align:start;flex-direction:row}.elementor-widget-image-box.elementor-position-top .elementor-image-box-img{margin:auto}.elementor-widget-image-box.elementor-vertical-align-top .elementor-image-box-wrapper{align-items:flex-start}.elementor-widget-image-box.elementor-vertical-align-middle .elementor-image-box-wrapper{align-items:center}.elementor-widget-image-box.elementor-vertical-align-bottom .elementor-image-box-wrapper{align-items:flex-end}}@media (max-width:767px){.elementor-widget-image-box .elementor-image-box-img{margin-left:auto!important;margin-right:auto!important;margin-bottom:15px}}.elementor-widget-image-box .elementor-image-box-img{display:inline-block}.elementor-widget-image-box .elementor-image-box-title a{color:inherit}.elementor-widget-image-box .elementor-image-box-wrapper{text-align:center}.elementor-widget-image-box .elementor-image-box-description{margin:0}<\/style><div class=\"elementor-image-box-wrapper\"><figure class=\"elementor-image-box-img\"><img fetchpriority=\"high\" decoding=\"async\" width=\"275\" height=\"183\" src=\"https:\/\/nwpts.info\/wp-content\/uploads\/2024\/08\/download-1.jpeg\" class=\"attachment-full size-full wp-image-746\" alt=\"\" srcset=\"https:\/\/nwpts.info\/wp-content\/uploads\/2024\/08\/download-1.jpeg 275w, https:\/\/nwpts.info\/wp-content\/uploads\/2024\/08\/download-1-18x12.jpeg 18w\" sizes=\"(max-width: 275px) 100vw, 275px\" \/><\/figure><div class=\"elementor-image-box-content\"><h3 class=\"elementor-image-box-title\">Bacharel em Estudos B\u00edblicos<\/h3><p class=\"elementor-image-box-description\">O BBS oferece um programa completo e rigoroso que prepara os alunos para estudos acad\u00eamicos posteriores e para serem l\u00edderes atenciosos nos contextos para os quais s\u00e3o chamados. Ele \u00e9 projetado para levar os alunos a um conhecimento pr\u00e1tico s\u00f3lido da Palavra de Deus, para que eles possam compartilhar esses princ\u00edpios transformadores de vida em uma variedade de contextos. A educa\u00e7\u00e3o geral fornece experi\u00eancias de aprendizado para aprimorar e complementar as especializa\u00e7\u00f5es acad\u00eamicas e fornecer ao aluno uma vis\u00e3o de mundo crist\u00e3 integrada. Uma educa\u00e7\u00e3o geral fornece uma compreens\u00e3o e consci\u00eancia de amplas \u00e1reas de linguagem, hist\u00f3ria, filosofia, comunica\u00e7\u00e3o, ci\u00eancia e desenvolvimento humano. Esses s\u00e3o os complementos essenciais para os estudos b\u00edblicos na forma\u00e7\u00e3o de atitudes e comportamentos piedosos em nosso mundo contempor\u00e2neo.<\/p><\/div><\/div>\t\t<\/div>\n\t\t\t\t<\/div>\n\t\t\t\t<\/div>\n\t\t<div class=\"elementor-element elementor-element-385a9a5c e-con-full e-flex e-con e-child\" data-id=\"385a9a5c\" data-element_type=\"container\" data-settings=\"{&quot;background_background&quot;:&quot;classic&quot;}\">\n\t\t\t\t<div class=\"elementor-element elementor-element-56af63b8 elementor-position-top elementor-widget elementor-widget-image-box\" data-id=\"56af63b8\" data-element_type=\"widget\" data-widget_type=\"image-box.default\">\n\t\t\t\t<div class=\"elementor-widget-container\">\n\t\t\t<div class=\"elementor-image-box-wrapper\"><figure class=\"elementor-image-box-img\"><img decoding=\"async\" width=\"300\" height=\"168\" src=\"https:\/\/nwpts.info\/wp-content\/uploads\/2024\/08\/download-1-1.jpeg\" class=\"attachment-full size-full wp-image-747\" alt=\"\" srcset=\"https:\/\/nwpts.info\/wp-content\/uploads\/2024\/08\/download-1-1.jpeg 300w, https:\/\/nwpts.info\/wp-content\/uploads\/2024\/08\/download-1-1-18x10.jpeg 18w\" sizes=\"(max-width: 300px) 100vw, 300px\" \/><\/figure><div class=\"elementor-image-box-content\"><h3 class=\"elementor-image-box-title\">Mestre da Divindade<\/h3><p class=\"elementor-image-box-description\">O grau MDiv da KPCA NWPTS \u00e9 projetado para formar voc\u00ea como um l\u00edder com uma lideran\u00e7a servil e amorosa em um minist\u00e9rio pastoral e relacionado. No n\u00edvel MDiv, a KPCA NWPTS busca desenvolver: \u2022 Compromisso crist\u00e3o demonstrado no discipulado ativo e na participa\u00e7\u00e3o na miss\u00e3o redentora de Cristo para as na\u00e7\u00f5es. \u2022 Conhecimento, habilidades e compet\u00eancias altamente avan\u00e7ados para a profiss\u00e3o escolhida, que permitem aos graduados praticar e ensinar outros nesse campo. \u2022 Uma estrutura teol\u00f3gica altamente avan\u00e7ada para exercer a profiss\u00e3o de servo de Cristo. \u2022 Uma experi\u00eancia avan\u00e7ada em uma disciplina especializada,<\/p><\/div><\/div>\t\t<\/div>\n\t\t\t\t<\/div>\n\t\t\t\t<\/div>\n\t\t\t\t\t<\/div>\n\t\t\t\t<\/div>\n\t\t<div class=\"elementor-element elementor-element-10bc682 e-flex e-con-boxed e-con e-parent\" data-id=\"10bc682\" data-element_type=\"container\">\n\t\t\t\t\t<div class=\"e-con-inner\">\n\t\t<div class=\"elementor-element elementor-element-f1746a2 e-con-full e-flex e-con e-child\" data-id=\"f1746a2\" data-element_type=\"container\">\n\t\t\t\t<div class=\"elementor-element elementor-element-1896bef elementor-widget elementor-widget-text-editor\" data-id=\"1896bef\" data-element_type=\"widget\" data-widget_type=\"text-editor.default\">\n\t\t\t\t<div class=\"elementor-widget-container\">\n\t\t\t\t\t\t\t<p><strong>Objetivo do Bacharelado em Estudos B\u00edblicos:<\/strong><\/p><p>O programa de Bacharelado em Estudos B\u00edblicos tem como objetivos:<\/p><ol><li>Fornecer uma compreens\u00e3o abrangente da B\u00edblia, teologia e hist\u00f3ria crist\u00e3.<\/li><li>Desenvolver pensamento cr\u00edtico e habilidades anal\u00edticas em teologia.<\/li><li>Preparar alunos para diversas fun\u00e7\u00f5es ministeriais por meio de treinamento pr\u00e1tico e te\u00f3rico.<\/li><li>Incentive o crescimento espiritual pessoal.<\/li><li>Estabelecer uma base para estudos teol\u00f3gicos futuros e avan\u00e7o profissional em ambientes religiosos e educacionais.<\/li><\/ol><p><strong><br \/>Requisitos para o curso de Bacharel em Estudos B\u00edblicos:<\/strong><\/p><ol><li><strong>Total de horas de cr\u00e9dito<\/strong>: Minimum of 128 semester credits.<\/li><li><strong>Cursos b\u00e1sicos<\/strong>: Conclus\u00e3o de cursos importantes como Estudo do Antigo Testamento, Estudo do Novo Testamento, Interpreta\u00e7\u00e3o B\u00edblica, Teologia Sistem\u00e1tica, Hist\u00f3ria da Igreja e \u00c9tica Crist\u00e3.<\/li><li><strong>Disciplinas eletivas<\/strong>: Sele\u00e7\u00e3o de disciplinas eletivas em \u00e1reas como L\u00ednguas B\u00edblicas, Aconselhamento Pastoral, Homil\u00e9tica, Miss\u00f5es e Evangelismo e Forma\u00e7\u00e3o Espiritual.<\/li><li><strong>Experi\u00eancia pr\u00e1tica do minist\u00e9rio<\/strong>: Participa\u00e7\u00e3o em est\u00e1gios ou experi\u00eancias pr\u00e1ticas.<\/li><li><strong>Projeto Capstone<\/strong>: Conclus\u00e3o de um projeto final ou tese.<\/li><li><strong>Requisito de GPA<\/strong>: GPA acumulado m\u00ednimo de 2,0.<\/li><li><strong>Requisito de resid\u00eancia<\/strong>: Cumprimento de quaisquer horas de cr\u00e9dito de ensino presencial ou \u00e0 dist\u00e2ncia aprovadas.<\/li><li><strong>Vida Espiritual e Comunit\u00e1ria<\/strong>: Participa\u00e7\u00e3o ativa nas atividades espirituais e comunit\u00e1rias da KPCA NWPTS.<p><strong>Requisitos de admiss\u00e3o para o Bacharelado em Estudos B\u00edblicos:<\/strong><\/p><p>Diploma do ensino medio ou equivalente<\/p><div class=\"elementor-element elementor-element-f9716f1 elementor-widget elementor-widget-heading\" data-id=\"f9716f1\" data-element_type=\"widget\" data-widget_type=\"heading.default\"><div class=\"elementor-widget-container\">\u00a0<\/div><\/div><p><strong>TRABALHOS DO CURSO:<\/strong><\/p><div>Biblical\/ Theological Studies (39 credits)<\/div><div>General Studies (36 Credits)<\/div><div>Professional Education (24 Credits)<\/div><div>Elective (15 credits)<\/div><div>Concentration (12 Credits)<\/div><div>Field Work (2 credits)<\/div><\/li><\/ol>\t\t\t\t\t\t<\/div>\n\t\t\t\t<\/div>\n\t\t\t\t<\/div>\n\t\t<div class=\"elementor-element elementor-element-07b541c e-con-full e-flex e-con e-child\" data-id=\"07b541c\" data-element_type=\"container\">\n\t\t\t\t<div class=\"elementor-element elementor-element-0552245 elementor-widget elementor-widget-text-editor\" data-id=\"0552245\" data-element_type=\"widget\" data-widget_type=\"text-editor.default\">\n\t\t\t\t<div class=\"elementor-widget-container\">\n\t\t\t\t\t\t\t<p><strong>Objetivo do Programa de Mestrado em Divindade:<\/strong><\/p><p>O programa de Mestrado em Divindade (M.Div.) tem como objetivo:<\/p><ol><li>Preparar os alunos para uma lideran\u00e7a eficaz no minist\u00e9rio e em ambientes religiosos.<\/li><li>Desenvolva uma compreens\u00e3o profunda da teologia, das Escrituras e da hist\u00f3ria da igreja.<\/li><li>Aprimore habilidades em cuidado pastoral, prega\u00e7\u00e3o e aconselhamento.<\/li><li>Ofere\u00e7a experi\u00eancia pr\u00e1tica no minist\u00e9rio por meio de est\u00e1gios e educa\u00e7\u00e3o de campo.<\/li><li>Promova o crescimento espiritual pessoal e integre a f\u00e9 ao aprendizado.<\/li><li>Apoie a pesquisa acad\u00eamica por meio de projetos finais ou teses.<\/li><\/ol><p><strong>Requisitos para o grau de Mestre em Divindade:<\/strong><\/p><ol><li><strong>Total de horas de cr\u00e9dito<\/strong>: Minimum of 98semester credits.<\/li><li><strong>Cursos b\u00e1sicos<\/strong>: Conclus\u00e3o de cursos essenciais em Exegese B\u00edblica, Teologia Sistem\u00e1tica, Cuidado Pastoral e outros.<\/li><li><strong>Cursos de Concentra\u00e7\u00e3o<\/strong>: Atendimento aos requisitos para uma concentra\u00e7\u00e3o escolhida.<\/li><li><strong>Disciplinas eletivas<\/strong>: Sele\u00e7\u00e3o de disciplinas eletivas adicionais.<\/li><li><strong>Experi\u00eancia pr\u00e1tica<\/strong>: Conclus\u00e3o de est\u00e1gios ou educa\u00e7\u00e3o de campo.<\/li><li><strong>Projeto Capstone ou Tese<\/strong>: Projeto final ou tese demonstrando conhecimento aplicado.<\/li><li><strong>Requisito de GPA<\/strong>: GPA acumulado m\u00ednimo de 2,5.<\/li><li><strong>Requisito de resid\u00eancia<\/strong>: Atendimento a quaisquer requisitos no campus.<\/li><\/ol><p><strong>Requisitos de admiss\u00e3o:<\/strong><\/p><p>\u00c9 necess\u00e1rio um diploma de bacharel<\/p><div class=\"elementor-element elementor-element-f9716f1 elementor-widget elementor-widget-heading\" data-id=\"f9716f1\" data-element_type=\"widget\" data-widget_type=\"heading.default\"><div class=\"elementor-widget-container\">\u00a0<\/div><\/div><p><strong>TRABALHOS DO CURSO:<\/strong><\/p><div>Biblical\/ Theological Studies (30 Credits)<\/div><div>General Studies (21 Credits)<\/div><div>Practical Theology (33 Credits)<\/div><div>Elective Course (12 Credits)<\/div><div>Field Work (2 Credits)<\/div>\t\t\t\t\t\t<\/div>\n\t\t\t\t<\/div>\n\t\t\t\t<\/div>\n\t\t\t\t\t<\/div>\n\t\t\t\t<\/div>\n\t\t<div class=\"elementor-element elementor-element-82599b6 e-flex e-con-boxed e-con e-parent\" data-id=\"82599b6\" data-element_type=\"container\">\n\t\t\t\t\t<div class=\"e-con-inner\">\n\t\t<div class=\"elementor-element elementor-element-3d230ca e-con-full e-flex e-con e-child\" data-id=\"3d230ca\" data-element_type=\"container\">\n\t\t\t\t<div class=\"elementor-element elementor-element-0b3d1e3 elementor-align-center elementor-widget elementor-widget-button\" data-id=\"0b3d1e3\" data-element_type=\"widget\" data-widget_type=\"button.default\">\n\t\t\t\t<div class=\"elementor-widget-container\">\n\t\t\t\t\t<div class=\"elementor-button-wrapper\">\n\t\t\t<a class=\"elementor-button elementor-button-link elementor-size-sm\" href=\"https:\/\/www.nwpts.org\/_files\/ugd\/042f92_f03a8599ad394bccb854394396ff083c.pdf\">\n\t\t\t\t\t\t<span class=\"elementor-button-content-wrapper\">\n\t\t\t\t\t\t\t\t\t<span class=\"elementor-button-text\">Planilha de Progresso do Aluno para BBS<\/span>\n\t\t\t\t\t<\/span>\n\t\t\t\t\t<\/a>\n\t\t<\/div>\n\t\t\t\t<\/div>\n\t\t\t\t<\/div>\n\t\t\t\t<\/div>\n\t\t<div class=\"elementor-element elementor-element-2a683b2 e-con-full e-flex e-con e-child\" data-id=\"2a683b2\" data-element_type=\"container\">\n\t\t\t\t<div class=\"elementor-element elementor-element-6a28589 elementor-align-center elementor-widget elementor-widget-button\" data-id=\"6a28589\" data-element_type=\"widget\" data-widget_type=\"button.default\">\n\t\t\t\t<div class=\"elementor-widget-container\">\n\t\t\t\t\t<div class=\"elementor-button-wrapper\">\n\t\t\t<a class=\"elementor-button elementor-button-link elementor-size-sm\" href=\"https:\/\/www.nwpts.org\/_files\/ugd\/042f92_09d3d5ecdd554b8d949481e25b10d2cb.pdf\">\n\t\t\t\t\t\t<span class=\"elementor-button-content-wrapper\">\n\t\t\t\t\t\t\t\t\t<span class=\"elementor-button-text\">Planilha de Progresso do Aluno para M.Divinity<\/span>\n\t\t\t\t\t<\/span>\n\t\t\t\t\t<\/a>\n\t\t<\/div>\n\t\t\t\t<\/div>\n\t\t\t\t<\/div>\n\t\t\t\t<\/div>\n\t\t\t\t\t<\/div>\n\t\t\t\t<\/div>\n\t\t\t\t<\/div>","protected":false},"excerpt":{"rendered":"<p>Degrees and Programs At KPCA NWPTS, we offer carefully designed study programs to prepare students for careers in ministry, theology, and biblical studies. Our programs combine rigorous academic instruction with practical training, providing a solid foundation for both spiritual and professional growth. Bachelor of Biblical Studies BBS provides a well-rounded, rigorous program that prepares students [&hellip;]<\/p>","protected":false},"author":2,"featured_media":0,"parent":0,"menu_order":0,"comment_status":"closed","ping_status":"closed","template":"elementor_header_footer","meta":{"footnotes":""},"class_list":["post-53","page","type-page","status-publish","hentry"],"_links":{"self":[{"href":"https:\/\/nwpts.info\/pt\/wp-json\/wp\/v2\/pages\/53","targetHints":{"allow":["GET"]}}],"collection":[{"href":"https:\/\/nwpts.info\/pt\/wp-json\/wp\/v2\/pages"}],"about":[{"href":"https:\/\/nwpts.info\/pt\/wp-json\/wp\/v2\/types\/page"}],"author":[{"embeddable":true,"href":"https:\/\/nwpts.info\/pt\/wp-json\/wp\/v2\/users\/2"}],"replies":[{"embeddable":true,"href":"https:\/\/nwpts.info\/pt\/wp-json\/wp\/v2\/comments?post=53"}],"version-history":[{"count":41,"href":"https:\/\/nwpts.info\/pt\/wp-json\/wp\/v2\/pages\/53\/revisions"}],"predecessor-version":[{"id":793,"href":"https:\/\/nwpts.info\/pt\/wp-json\/wp\/v2\/pages\/53\/revisions\/793"}],"wp:attachment":[{"href":"https:\/\/nwpts.info\/pt\/wp-json\/wp\/v2\/media?parent=53"}],"curies":[{"name":"wp","href":"https:\/\/api.w.org\/{rel}","templated":true}]}}