{"id":55,"date":"2022-07-15T12:39:02","date_gmt":"2022-07-15T15:39:02","guid":{"rendered":"https:\/\/advocacia.siteninjapro.com\/?page_id=55"},"modified":"2024-08-02T23:29:31","modified_gmt":"2024-08-03T02:29:31","slug":"approval","status":"publish","type":"page","link":"https:\/\/nwpts.info\/pt\/approval\/","title":{"rendered":"Aprova\u00e7\u00e3o"},"content":{"rendered":"<div data-elementor-type=\"wp-page\" data-elementor-id=\"55\" class=\"elementor elementor-55\">\n\t\t\t\t<div class=\"elementor-element elementor-element-234c1617 e-flex e-con-boxed e-con e-parent\" data-id=\"234c1617\" data-element_type=\"container\" data-settings=\"{&quot;background_background&quot;:&quot;classic&quot;}\">\n\t\t\t\t\t<div class=\"e-con-inner\">\n\t\t<div class=\"elementor-element elementor-element-120de171 e-con-full e-flex e-con e-child\" data-id=\"120de171\" data-element_type=\"container\">\n\t\t\t\t<div class=\"elementor-element elementor-element-3bee6ac9 elementor-widget elementor-widget-heading\" data-id=\"3bee6ac9\" data-element_type=\"widget\" data-widget_type=\"heading.default\">\n\t\t\t\t<div class=\"elementor-widget-container\">\n\t\t\t<style>\/*! elementor - v3.23.0 - 05-08-2024 *\/\n.elementor-heading-title{padding:0;margin:0;line-height:1}.elementor-widget-heading .elementor-heading-title[class*=elementor-size-]>a{color:inherit;font-size:inherit;line-height:inherit}.elementor-widget-heading .elementor-heading-title.elementor-size-small{font-size:15px}.elementor-widget-heading .elementor-heading-title.elementor-size-medium{font-size:19px}.elementor-widget-heading .elementor-heading-title.elementor-size-large{font-size:29px}.elementor-widget-heading .elementor-heading-title.elementor-size-xl{font-size:39px}.elementor-widget-heading .elementor-heading-title.elementor-size-xxl{font-size:59px}<\/style><h1 class=\"elementor-heading-title elementor-size-default\">APROVA\u00c7\u00c3O\n<\/h1>\t\t<\/div>\n\t\t\t\t<\/div>\n\t\t\t\t<div class=\"elementor-element elementor-element-7971b51b elementor-widget elementor-widget-text-editor\" data-id=\"7971b51b\" data-element_type=\"widget\" data-widget_type=\"text-editor.default\">\n\t\t\t\t<div class=\"elementor-widget-container\">\n\t\t\t<style>\/*! elementor - v3.23.0 - 05-08-2024 *\/\n.elementor-widget-text-editor.elementor-drop-cap-view-stacked .elementor-drop-cap{background-color:#69727d;color:#fff}.elementor-widget-text-editor.elementor-drop-cap-view-framed .elementor-drop-cap{color:#69727d;border:3px solid;background-color:transparent}.elementor-widget-text-editor:not(.elementor-drop-cap-view-default) .elementor-drop-cap{margin-top:8px}.elementor-widget-text-editor:not(.elementor-drop-cap-view-default) .elementor-drop-cap-letter{width:1em;height:1em}.elementor-widget-text-editor .elementor-drop-cap{float:left;text-align:center;line-height:1;font-size:50px}.elementor-widget-text-editor .elementor-drop-cap-letter{display:inline-block}<\/style>\t\t\t\t<div class=\"elementor-element elementor-element-bc75163 e-container--column e-container\" data-id=\"bc75163\" data-element_type=\"container\"><div class=\"elementor-element elementor-element-5245dc6 elementor-widget elementor-widget-text-editor\" data-id=\"5245dc6\" data-element_type=\"widget\" data-widget_type=\"text-editor.default\"><div class=\"elementor-widget-container\"><p>O KPCA NWPTS est\u00e1 autorizado pelo SEVP a matricular estudantes internacionais e emitir o Formul\u00e1rio I-20 para os seguintes programas:<\/p><ul><li>Bacharel em Estudos B\u00edblicos<\/li><li>Mestre da Divindade<\/li><\/ul><p>C\u00f3digo KPCA NWPTS: SEA214F00088000<\/p><\/div><\/div><\/div>\t\t\t\t\t\t<\/div>\n\t\t\t\t<\/div>\n\t\t\t\t<\/div>\n\t\t<div class=\"elementor-element elementor-element-4e78ccac e-con-full e-flex e-con e-child\" data-id=\"4e78ccac\" data-element_type=\"container\">\n\t\t\t\t<\/div>\n\t\t\t\t\t<\/div>\n\t\t\t\t<\/div>\n\t\t<div class=\"elementor-element elementor-element-41d277e0 e-flex e-con-boxed e-con e-parent\" data-id=\"41d277e0\" data-element_type=\"container\">\n\t\t\t\t\t<div class=\"e-con-inner\">\n\t\t<div class=\"elementor-element elementor-element-6011bd01 e-con-full e-flex e-con e-child\" data-id=\"6011bd01\" data-element_type=\"container\">\n\t\t\t\t<div class=\"elementor-element elementor-element-35db7350 elementor-widget__width-inherit elementor-widget elementor-widget-heading\" data-id=\"35db7350\" data-element_type=\"widget\" data-widget_type=\"heading.default\">\n\t\t\t\t<div class=\"elementor-widget-container\">\n\t\t\t<h2 class=\"elementor-heading-title elementor-size-default\"><p><strong>SEVP<\/strong><span style=\"color: var( --e-global-color-primary );\"><\/span><\/p><\/h2>\t\t<\/div>\n\t\t\t\t<\/div>\n\t\t\t\t<div class=\"elementor-element elementor-element-42823f30 elementor-widget elementor-widget-text-editor\" data-id=\"42823f30\" data-element_type=\"widget\" data-widget_type=\"text-editor.default\">\n\t\t\t\t<div class=\"elementor-widget-container\">\n\t\t\t\t\t\t\tO KPCA NWPTS \u00e9 aprovado pelo Bureau of USCIS\/DHS e pelo Student and Exchange Visitor Program (SEVP) para aceitar, inscrever e emitir o Formul\u00e1rio I-20 para estudantes estrangeiros por meio do Student and Exchange Visitor Information System (SEVIS). Aprovado para emitir Formul\u00e1rios I-20 sob a se\u00e7\u00e3o 101(a)(15)(F)(i) do Ato para os seguintes programas:\n<ul>\n \t<li>Bacharel em Estudos B\u00edblicos<\/li>\n \t<li>Mestre da Divindade<\/li>\n<\/ul>\nC\u00f3digo(s) KPCA NWPTS \u00e9(s\u00e3o): KPCA NWPTS SEA214F00088000\n\n<br>\n<strong><a href=\"https:\/\/studyinthestates.dhs.gov\/school-search\" target=\"_blank\" rel=\"noopener noreferrer\" style=\"color: #FF5733;\">Pesquisa de Escola SEVP<\/a><\/strong>\n\n\n\n<br>\n\n\u201cA miss\u00e3o do Student Exchange and Visitor Program coleta, mant\u00e9m, analisa e fornece informa\u00e7\u00f5es para que apenas estudantes estrangeiros leg\u00edtimos ou visitantes de interc\u00e2mbio tenham acesso aos Estados Unidos. O resultado \u00e9 um sistema de informa\u00e7\u00f5es facilmente acess\u00edvel que fornece informa\u00e7\u00f5es oportunas ao Departamento de Estado, \u00e0 Alf\u00e2ndega e Prote\u00e7\u00e3o de Fronteiras dos EUA (CBP), aos Servi\u00e7os de Cidadania e Imigra\u00e7\u00e3o dos EUA (USCIS) e \u00e0 Imigra\u00e7\u00e3o e Alf\u00e2ndega dos EUA (ICE), bem como a v\u00e1rias outras ag\u00eancias federais de execu\u00e7\u00e3o com &#039;necessidade de saber&#039;.\u201d Centro de Resposta SEVP: 703-603-3400 | <a rel=\"noreferrer\">SEVP@ICE.DHS.GOV<\/a>\n\n<strong>Parceiros:<\/strong>\n<ul>\n \t<li>Departamento de Estado<\/li>\n \t<li>Departamento de Educa\u00e7\u00e3o<\/li>\n \t<li>Departamento de Justi\u00e7a<\/li>\n<\/ul>\n<strong>Estado de Washington<\/strong> WSAC O Washington Student Achievement Council determinou que o KPCA NWPTS se qualifica para o status de isen\u00e7\u00e3o religiosa do Degree-Granting Institutions Act para os seguintes programas: Bacharel em Estudos B\u00edblicos (BBS) e Mestre em Divindade (M.Div.). O Conselho n\u00e3o faz nenhuma avalia\u00e7\u00e3o da administra\u00e7\u00e3o, corpo docente, pr\u00e1ticas comerciais, condi\u00e7\u00e3o financeira ou qualidade das ofertas desta institui\u00e7\u00e3o.\t\t\t\t\t\t<\/div>\n\t\t\t\t<\/div>\n\t\t\t\t<\/div>\n\t\t<div class=\"elementor-element elementor-element-3e70edfe e-con-full e-flex e-con e-child\" data-id=\"3e70edfe\" data-element_type=\"container\">\n\t\t\t\t<div class=\"elementor-element elementor-element-1ce2f4d2 elementor-arrows-position-inside elementor-widget elementor-widget-image-carousel\" data-id=\"1ce2f4d2\" data-element_type=\"widget\" data-settings=\"{&quot;slides_to_show&quot;:&quot;1&quot;,&quot;navigation&quot;:&quot;arrows&quot;,&quot;slides_to_show_tablet&quot;:&quot;2&quot;,&quot;autoplay&quot;:&quot;yes&quot;,&quot;pause_on_hover&quot;:&quot;yes&quot;,&quot;pause_on_interaction&quot;:&quot;yes&quot;,&quot;autoplay_speed&quot;:5000,&quot;infinite&quot;:&quot;yes&quot;,&quot;effect&quot;:&quot;slide&quot;,&quot;speed&quot;:500}\" data-widget_type=\"image-carousel.default\">\n\t\t\t\t<div class=\"elementor-widget-container\">\n\t\t\t<style>\/*! elementor - v3.23.0 - 05-08-2024 *\/\n.elementor-widget-image-carousel .swiper,.elementor-widget-image-carousel .swiper-container{position:static}.elementor-widget-image-carousel .swiper-container .swiper-slide figure,.elementor-widget-image-carousel .swiper .swiper-slide figure{line-height:inherit}.elementor-widget-image-carousel .swiper-slide{text-align:center}.elementor-image-carousel-wrapper:not(.swiper-container-initialized):not(.swiper-initialized) .swiper-slide{max-width:calc(100% \/ var(--e-image-carousel-slides-to-show, 3))}<\/style>\t\t<div class=\"elementor-image-carousel-wrapper swiper\" dir=\"ltr\">\n\t\t\t<div class=\"elementor-image-carousel swiper-wrapper\" aria-live=\"off\">\n\t\t\t\t\t\t\t\t<div class=\"swiper-slide\" role=\"group\" aria-roledescription=\"slide\" aria-label=\"1 de 3\"><figure class=\"swiper-slide-inner\"><img decoding=\"async\" class=\"swiper-slide-image\" src=\"https:\/\/nwpts.info\/wp-content\/uploads\/2024\/08\/sevis.webp\" alt=\"sevis\" \/><\/figure><\/div><div class=\"swiper-slide\" role=\"group\" aria-roledescription=\"slide\" aria-label=\"2 de 3\"><figure class=\"swiper-slide-inner\"><img decoding=\"async\" class=\"swiper-slide-image\" src=\"https:\/\/nwpts.info\/wp-content\/uploads\/2024\/08\/sev2.webp\" alt=\"sev2\" \/><\/figure><\/div><div class=\"swiper-slide\" role=\"group\" aria-roledescription=\"slide\" aria-label=\"3 de 3\"><figure class=\"swiper-slide-inner\"><img decoding=\"async\" class=\"swiper-slide-image\" src=\"https:\/\/nwpts.info\/wp-content\/uploads\/2024\/08\/WSAC.webp\" alt=\"WSAC\" \/><\/figure><\/div>\t\t\t<\/div>\n\t\t\t\t\t\t\t\t\t\t\t\t<div class=\"elementor-swiper-button elementor-swiper-button-prev\" role=\"button\" tabindex=\"0\">\n\t\t\t\t\t\t<i aria-hidden=\"true\" class=\"eicon-chevron-left\"><\/i>\t\t\t\t\t<\/div>\n\t\t\t\t\t<div class=\"elementor-swiper-button elementor-swiper-button-next\" role=\"button\" tabindex=\"0\">\n\t\t\t\t\t\t<i aria-hidden=\"true\" class=\"eicon-chevron-right\"><\/i>\t\t\t\t\t<\/div>\n\t\t\t\t\n\t\t\t\t\t\t\t\t\t<\/div>\n\t\t\t\t<\/div>\n\t\t\t\t<\/div>\n\t\t\t\t<\/div>\n\t\t\t\t\t<\/div>\n\t\t\t\t<\/div>\n\t\t\t\t<\/div>","protected":false},"excerpt":{"rendered":"<p>APPROVAL KPCA NWPTS is authorized by the SEVP to enroll international students and issue Form I-20 for the following programs: Bachelor of Biblical Studies Master of Divinity KPCA NWPTS Code: SEA214F00088000 SEVP KPCA NWPTS is approved by the Bureau of USCIS\/DHS and the Student and Exchange Visitor Program (SEVP) to accept, enroll, and issue Form [&hellip;]<\/p>","protected":false},"author":2,"featured_media":0,"parent":0,"menu_order":0,"comment_status":"closed","ping_status":"closed","template":"elementor_header_footer","meta":{"footnotes":""},"class_list":["post-55","page","type-page","status-publish","hentry"],"_links":{"self":[{"href":"https:\/\/nwpts.info\/pt\/wp-json\/wp\/v2\/pages\/55","targetHints":{"allow":["GET"]}}],"collection":[{"href":"https:\/\/nwpts.info\/pt\/wp-json\/wp\/v2\/pages"}],"about":[{"href":"https:\/\/nwpts.info\/pt\/wp-json\/wp\/v2\/types\/page"}],"author":[{"embeddable":true,"href":"https:\/\/nwpts.info\/pt\/wp-json\/wp\/v2\/users\/2"}],"replies":[{"embeddable":true,"href":"https:\/\/nwpts.info\/pt\/wp-json\/wp\/v2\/comments?post=55"}],"version-history":[{"count":20,"href":"https:\/\/nwpts.info\/pt\/wp-json\/wp\/v2\/pages\/55\/revisions"}],"predecessor-version":[{"id":398,"href":"https:\/\/nwpts.info\/pt\/wp-json\/wp\/v2\/pages\/55\/revisions\/398"}],"wp:attachment":[{"href":"https:\/\/nwpts.info\/pt\/wp-json\/wp\/v2\/media?parent=55"}],"curies":[{"name":"wp","href":"https:\/\/api.w.org\/{rel}","templated":true}]}}